{"id":399,"date":"2017-11-17T10:08:31","date_gmt":"2017-11-17T09:08:31","guid":{"rendered":"http:\/\/www.benhausen.com\/?page_id=399"},"modified":"2019-11-15T13:52:23","modified_gmt":"2019-11-15T12:52:23","slug":"dorfrat","status":"publish","type":"page","link":"https:\/\/www.benhausen.com\/?page_id=399","title":{"rendered":"Dorfrat"},"content":{"rendered":"\n<figure class=\"wp-block-image is-resized\"><img loading=\"lazy\" decoding=\"async\" src=\"https:\/\/www.benhausen.com\/wp-content\/uploads\/Dorfrat-1024x768.jpg\" alt=\"\" class=\"wp-image-773\" width=\"274\" height=\"206\" srcset=\"https:\/\/www.benhausen.com\/wp-content\/uploads\/Dorfrat-1024x768.jpg 1024w, https:\/\/www.benhausen.com\/wp-content\/uploads\/Dorfrat-150x113.jpg 150w, https:\/\/www.benhausen.com\/wp-content\/uploads\/Dorfrat-300x225.jpg 300w, https:\/\/www.benhausen.com\/wp-content\/uploads\/Dorfrat-768x576.jpg 768w, https:\/\/www.benhausen.com\/wp-content\/uploads\/Dorfrat.jpg 2016w\" sizes=\"auto, (max-width: 274px) 100vw, 274px\" \/><figcaption>  Arnd Emmighaus, Schriftf\u00fchrer<br> Rainer Kleinn, stellvertr. Vorsitzender <br> Alexius Benteler, Kassierer <br> Franz Driller, Vorsitzender <\/figcaption><\/figure>\n\n\n\n<p>Auf Initiative des Ortsvorstehers wurde im Jahre 2010 in\nAbsprache mit den Benhauser Gremien der Benhauser Dorfrat e.V. gegr\u00fcndet. Im\nGegensatz zu anderen Bundesl\u00e4ndern sieht die Gemeindeordnung NRW einen solchen\nOrtsrat nicht vor, so dass es sich um ein rein beratendes Gremium handelt. Die\npolitischen Beschl\u00fcsse werden in den Aussch\u00fcssen und dem Rat der Stadt\nPaderborn gefasst. Der amtierende Ortsvorsteher verpflichtet sich jedoch in\nZusammenarbeit mit dem Rat und der Verwaltung die Empfehlungen des Dorfrates\nals abgestimmtes Meinungsbild aus der \u201eMitte des Dorfes\u201c zur Grundlage seines\nHandelns zu machen. <\/p>\n\n\n\n<p>Der Dorfrat ist inzwischen auf \u00fcber 30 Mitglieder (Vereine, Gruppierungen, politische Mandatstr\u00e4ger) angewachsen. Alle Sitzungen des Dorfrates sind \u00f6ffentlich und erfreuen sich st\u00e4ndig wachsenden Interesses, so dass sich der Dorfrat zu einem wichtigen und erfolgreichen Baustein des Benhauser Gemeindelebens entwickelt hat. \u00a0Zugleich versteht sich der Dorfrat als Dachverband aller Benhauser Vereine und Gruppierungen und unterst\u00fctzt und koordiniert deren Zusammenarbeit. Zum Ende eines Jahres werden in der November-Sitzung des Dorfrates alle Veranstaltungstermine des kommenden Jahres im Stadtteil abgestimmt und in einem gemeinsamen Jahreskalender ver\u00f6ffentlicht. <\/p>\n\n\n\n<p>Die Sitzungen des Dorfrates sind immer \u00f6ffentlich und jeder Benhauser B\u00fcrger ist willkommen und kann sich beratend zu den Themen \u00e4u\u00dfern. <\/p>\n\n\n\n<p>Ab dem 01.01.2020 \u00fcbertr\u00e4gt die Stadt Paderborn den Betrieb der Benhauser Kulturscheune in Selbstverwaltung an den Dorfrat, der nach Satzungs\u00e4nderung diese neue Aufgabe \u00fcbernehmen kann. F\u00fcr die bisherigen Hauptnutzer (Musik-, Sch\u00fctzen- und Schie\u00dfsportverein) ist damit das Geb\u00e4ude langfristig gesichert, zudem k\u00f6nnen die anderen Benhauser Vereine das Geb\u00e4ude nutzen und die B\u00fcrger die R\u00e4umlichkeiten f\u00fcr Familienfeiern anmieten.\u00a0 <\/p>\n","protected":false},"excerpt":{"rendered":"<p>Auf Initiative des Ortsvorstehers wurde im Jahre 2010 in Absprache mit den Benhauser Gremien der Benhauser Dorfrat e.V. gegr\u00fcndet. Im Gegensatz zu anderen Bundesl\u00e4ndern sieht die Gemeindeordnung NRW einen solchen Ortsrat nicht vor, so dass es sich um ein rein beratendes Gremium handelt. Die politischen Beschl\u00fcsse werden in den Aussch\u00fcssen &hellip; <\/p>\n","protected":false},"author":2,"featured_media":0,"parent":0,"menu_order":0,"comment_status":"closed","ping_status":"closed","template":"","meta":{"footnotes":""},"class_list":["post-399","page","type-page","status-publish","hentry"],"_links":{"self":[{"href":"https:\/\/www.benhausen.com\/index.php?rest_route=\/wp\/v2\/pages\/399","targetHints":{"allow":["GET"]}}],"collection":[{"href":"https:\/\/www.benhausen.com\/index.php?rest_route=\/wp\/v2\/pages"}],"about":[{"href":"https:\/\/www.benhausen.com\/index.php?rest_route=\/wp\/v2\/types\/page"}],"author":[{"embeddable":true,"href":"https:\/\/www.benhausen.com\/index.php?rest_route=\/wp\/v2\/users\/2"}],"replies":[{"embeddable":true,"href":"https:\/\/www.benhausen.com\/index.php?rest_route=%2Fwp%2Fv2%2Fcomments&post=399"}],"version-history":[{"count":22,"href":"https:\/\/www.benhausen.com\/index.php?rest_route=\/wp\/v2\/pages\/399\/revisions"}],"predecessor-version":[{"id":785,"href":"https:\/\/www.benhausen.com\/index.php?rest_route=\/wp\/v2\/pages\/399\/revisions\/785"}],"wp:attachment":[{"href":"https:\/\/www.benhausen.com\/index.php?rest_route=%2Fwp%2Fv2%2Fmedia&parent=399"}],"curies":[{"name":"wp","href":"https:\/\/api.w.org\/{rel}","templated":true}]}}