{"id":162,"date":"2016-12-04T12:26:11","date_gmt":"2016-12-04T11:26:11","guid":{"rendered":"http:\/\/www.ggwax.de\/bensen\/wp\/?page_id=162"},"modified":"2020-09-20T10:18:00","modified_gmt":"2020-09-20T08:18:00","slug":"freizeitangebote","status":"publish","type":"page","link":"https:\/\/www.benhausen.com\/?page_id=162","title":{"rendered":"Freizeitangebote"},"content":{"rendered":"<div class=\"article-content\">\n<p>In Benhausen gibt es zahlreiche M\u00f6glichkeiten seine Freizeit zu gestalten.<br \/>\nHier finden Sie einige Infos zu allen Vereinen und Freizeitaktivi\u00e4ten.<\/p>\n<h3>Freizeitangebote f\u00fcr Klein und Gro\u00df<\/h3>\n<p><strong>Kindertreff<\/strong><strong> Benhausen<\/strong><\/p>\n<p>Eggestr. 103, Kulturscheune<br \/>\n33100 Paderborn<\/p>\n<p>Herr G\u00f6tte<br \/>\nTel.: 05252\u00a053708<br \/>\nE-Mail: f.goette(at)paderborn.de<\/p>\n<p>\u00d6ffnungszeiten:<br \/>\nDo 15:00-17:30 Uhr<\/p>\n<h5><\/h5>\n<p><strong>Offener Treff der KLJB Benhausen<\/strong><\/p>\n<p>Pfarrheim in Benhausen<br \/>\n33100 Paderborn<\/p>\n<p>Johanna Driller, Matthias Sch\u00e4fers<\/p>\n<p>\u00d6ffnungszeiten:<br \/>\nMO im 2 Wochen-Rhythmus<\/p>\n<h5>\u00a0<strong>Sportverein SV Blau &#8211; Wei\u00df Benhausen<\/strong><\/h5>\n<p>Weitere Informationen zum Sportverein finden Sie auf:<a href=\"http:\/\/www.sv-benhausen.de\/\"> sv-benhausen.de <\/a><\/p>\n<h5>\u00a0<strong>Schie\u00dfsportabteilung Benhausen<\/strong><\/h5>\n<p>Weitere Informationen zum Schie\u00dfsportverein finden Sie auf: <a href=\"http:\/\/www.ssv-benhausen.de\">ssv-benhausen.de<\/a><\/p>\n<h5>\u00a0<strong>Jungsch\u00fctzen Benhausen<\/strong><\/h5>\n<p>Ansprechpartner: Dennis Glasmeyer<br \/>\nTreffpunkt: Anbau Sch\u00fctzenhalle Benhausen<br \/>\nJeden 1. Mittwoch im Monat<\/p>\n<h5>\u00a0<strong>Jugendfeuerwehr Benhausen<\/strong><\/h5>\n<p>Ansprechpartner: Andre G\u00f6ke, Stefan Westermann<\/p>\n<p>Treffpunkt: Feuerwehr Ger\u00e4tehaus Benhausen<br \/>\nImmer donnerstags im 2 Wochen-Rhythmus<\/p>\n<p>Homepage: <a href=\"http:\/\/www.paderborn.de\/microsite\/feuerwehr\/ffw\/jugendfeuerwehr\/Jugendfeuerwehr-Benhausen.php\">www.feuerwehr-paderborn.de<\/a><\/p>\n<\/div>\n","protected":false},"excerpt":{"rendered":"<p>In Benhausen gibt es zahlreiche M\u00f6glichkeiten seine Freizeit zu gestalten. Hier finden Sie einige Infos zu allen Vereinen und Freizeitaktivi\u00e4ten. Freizeitangebote f\u00fcr Klein und Gro\u00df Kindertreff Benhausen Eggestr. 103, Kulturscheune 33100 Paderborn Herr G\u00f6tte Tel.: 05252\u00a053708 E-Mail: f.goette(at)paderborn.de \u00d6ffnungszeiten: Do 15:00-17:30 Uhr Offener Treff der KLJB Benhausen Pfarrheim in Benhausen &hellip; <\/p>\n","protected":false},"author":1,"featured_media":0,"parent":0,"menu_order":0,"comment_status":"closed","ping_status":"closed","template":"","meta":{"footnotes":""},"class_list":["post-162","page","type-page","status-publish","hentry"],"_links":{"self":[{"href":"https:\/\/www.benhausen.com\/index.php?rest_route=\/wp\/v2\/pages\/162","targetHints":{"allow":["GET"]}}],"collection":[{"href":"https:\/\/www.benhausen.com\/index.php?rest_route=\/wp\/v2\/pages"}],"about":[{"href":"https:\/\/www.benhausen.com\/index.php?rest_route=\/wp\/v2\/types\/page"}],"author":[{"embeddable":true,"href":"https:\/\/www.benhausen.com\/index.php?rest_route=\/wp\/v2\/users\/1"}],"replies":[{"embeddable":true,"href":"https:\/\/www.benhausen.com\/index.php?rest_route=%2Fwp%2Fv2%2Fcomments&post=162"}],"version-history":[{"count":2,"href":"https:\/\/www.benhausen.com\/index.php?rest_route=\/wp\/v2\/pages\/162\/revisions"}],"predecessor-version":[{"id":922,"href":"https:\/\/www.benhausen.com\/index.php?rest_route=\/wp\/v2\/pages\/162\/revisions\/922"}],"wp:attachment":[{"href":"https:\/\/www.benhausen.com\/index.php?rest_route=%2Fwp%2Fv2%2Fmedia&parent=162"}],"curies":[{"name":"wp","href":"https:\/\/api.w.org\/{rel}","templated":true}]}}