{"id":147,"date":"2016-11-23T10:24:51","date_gmt":"2016-11-23T09:24:51","guid":{"rendered":"http:\/\/www.ggwax.de\/bensen\/wp\/?page_id=147"},"modified":"2026-01-25T11:08:04","modified_gmt":"2026-01-25T10:08:04","slug":"reservierungen","status":"publish","type":"page","link":"https:\/\/www.benhausen.com\/?page_id=147","title":{"rendered":"Reservierungen"},"content":{"rendered":"<p><span style=\"text-decoration: underline;\"><span style=\"text-decoration: underline;\">Sch\u00fctzenhalle Benhausen<\/span><\/span><\/p>\n<p>Die Sch\u00fctzenhalle Benhausen ist eine Einrichtung des Sch\u00fctzenvereins.<\/p>\n<p>Die Sch\u00fctzenhalle kann unter folgendem Link &#8211; <a href=\"http:\/\/www.schuetzenverein.benhausen.com\/hallenvermietung\" target=\"_blank\" rel=\"noopener noreferrer\">Vermietung Sch\u00fctzenhalle <\/a>&#8211;\u00a0 gemietet werden.<\/p>\n<p><span style=\"text-decoration: underline;\">Pfarrheim Benhausen<\/span><\/p>\n<p>Das Pfarrheim Benhausen ist eine Einrichtung der Kirchengemeinde St. Alexius Benhausen.<\/p>\n<p>Das Pfarrheim kann w\u00e4hrend der \u00d6ffnungszeiten im Pfarrb\u00fcro unter der Telnr. 05252-931111 gemietet werden.<\/p>\n","protected":false},"excerpt":{"rendered":"<p>Sch\u00fctzenhalle Benhausen Die Sch\u00fctzenhalle Benhausen ist eine Einrichtung des Sch\u00fctzenvereins. Die Sch\u00fctzenhalle kann unter folgendem Link &#8211; Vermietung Sch\u00fctzenhalle &#8211;\u00a0 gemietet werden. Pfarrheim Benhausen Das Pfarrheim Benhausen ist eine Einrichtung der Kirchengemeinde St. Alexius Benhausen. Das Pfarrheim kann w\u00e4hrend der \u00d6ffnungszeiten im Pfarrb\u00fcro unter der Telnr. 05252-931111 gemietet werden.<\/p>\n","protected":false},"author":1,"featured_media":0,"parent":0,"menu_order":0,"comment_status":"closed","ping_status":"closed","template":"","meta":{"footnotes":""},"class_list":["post-147","page","type-page","status-publish","hentry"],"_links":{"self":[{"href":"https:\/\/www.benhausen.com\/index.php?rest_route=\/wp\/v2\/pages\/147","targetHints":{"allow":["GET"]}}],"collection":[{"href":"https:\/\/www.benhausen.com\/index.php?rest_route=\/wp\/v2\/pages"}],"about":[{"href":"https:\/\/www.benhausen.com\/index.php?rest_route=\/wp\/v2\/types\/page"}],"author":[{"embeddable":true,"href":"https:\/\/www.benhausen.com\/index.php?rest_route=\/wp\/v2\/users\/1"}],"replies":[{"embeddable":true,"href":"https:\/\/www.benhausen.com\/index.php?rest_route=%2Fwp%2Fv2%2Fcomments&post=147"}],"version-history":[{"count":11,"href":"https:\/\/www.benhausen.com\/index.php?rest_route=\/wp\/v2\/pages\/147\/revisions"}],"predecessor-version":[{"id":1512,"href":"https:\/\/www.benhausen.com\/index.php?rest_route=\/wp\/v2\/pages\/147\/revisions\/1512"}],"wp:attachment":[{"href":"https:\/\/www.benhausen.com\/index.php?rest_route=%2Fwp%2Fv2%2Fmedia&parent=147"}],"curies":[{"name":"wp","href":"https:\/\/api.w.org\/{rel}","templated":true}]}}