{"id":118,"date":"2016-11-23T09:04:37","date_gmt":"2016-11-23T08:04:37","guid":{"rendered":"http:\/\/www.ggwax.de\/bensen\/wp\/?page_id=118"},"modified":"2019-09-09T07:16:10","modified_gmt":"2019-09-09T05:16:10","slug":"benhausen","status":"publish","type":"page","link":"https:\/\/www.benhausen.com\/?page_id=118","title":{"rendered":"Benhausen"},"content":{"rendered":"<p>Benhausen ist ein Stadtteil im Nordosten der Stadt Paderborn in Ostwestfalen-Lippe, welcher zum 1. Januar 1975 im Rahmen des Paderborn-Sauerland Gesetzes eingegliedert wurde. Im Volksmund wird der Ort h\u00e4ufig auch nur kurz Bensen genannt.<\/p>\n<p><img loading=\"lazy\" decoding=\"async\" class=\"wp-image-120  aligncenter\" src=\"https:\/\/www.benhausen.com\/wp-content\/uploads\/2016\/11\/benhausen.gif\" alt=\"\" width=\"156\" height=\"113\"><\/p>\n<p>Benhausen liegt nord\u00f6stlich der Kernstadt Paderborn bei 51\u00b0 45&#8242; Nord und 8\u00b0 49&#8242; Ost im Norden der Paderborner Hochfl\u00e4che am Westrand des Eggegebirges auf einer H\u00f6he von 193 m \u00fc. NN. S\u00fcdlich des Dorfes flie\u00dft die Gotte. Die Beke bildet im Nordosten auf etwa 400 m die Grenze gegen den Stadtteil Neuenbeken und auf etwa 300 m die gegen Marienloh. Die Ortschaft geh\u00f6rt zum Eingzugsgebiet der Lippe.<\/p>\n<p>Benhausen umfasst eine Fl\u00e4che von 9,9 km\u00b2. Die Nord-S\u00fcd-Ausdehnung betr\u00e4gt knappe 5 km, die West-Ost-Ausdehnung etwa 3 km.<\/p>\n<p><img loading=\"lazy\" decoding=\"async\" class=\"wp-image-60  aligncenter\" src=\"https:\/\/www.benhausen.com\/wp-content\/uploads\/2016\/07\/StAlexius_100x75.jpg\" alt=\"\" width=\"127\" height=\"95\"><\/p>\n<p>Unsere Nachbarn: Im Norden beginnend im Uhrzeigersinn grenzen an Benhausen die Paderborner Stadtteile Marienloh, Neuenbeken, Dahl und die Paderborner Kernstadt.<\/p>\n<p>Wie alle Orte des ehemaligen Hochstifts Paderborn hat auch Benhausen eine mehrheitlich katholische Bev\u00f6lkerung. F\u00fcr diese gibt es die Pfarrvikarie Sankt Alexius im Dekanant Paderborn der Seelsorgeregion Hochstift im Erzbistum Paderborn.<\/p>\n<p>Die Lutheraner in Benhausen geh\u00f6ren zur evangelischen Kirchengemeinde Bad Lippspringe im Kirchenkreis Paderborn der Evangelischen Kirche von Westfalen.<\/p>\n<p>(von Wikipedia.de)<\/p>\n","protected":false},"excerpt":{"rendered":"<p>Benhausen ist ein Stadtteil im Nordosten der Stadt Paderborn in Ostwestfalen-Lippe, welcher zum 1. Januar 1975 im Rahmen des Paderborn-Sauerland Gesetzes eingegliedert wurde. Im Volksmund wird der Ort h\u00e4ufig auch nur kurz Bensen genannt. Benhausen liegt nord\u00f6stlich der Kernstadt Paderborn bei 51\u00b0 45&#8242; Nord und 8\u00b0 49&#8242; Ost im Norden &hellip; <\/p>\n","protected":false},"author":1,"featured_media":0,"parent":0,"menu_order":0,"comment_status":"closed","ping_status":"closed","template":"","meta":{"footnotes":""},"class_list":["post-118","page","type-page","status-publish","hentry"],"_links":{"self":[{"href":"https:\/\/www.benhausen.com\/index.php?rest_route=\/wp\/v2\/pages\/118","targetHints":{"allow":["GET"]}}],"collection":[{"href":"https:\/\/www.benhausen.com\/index.php?rest_route=\/wp\/v2\/pages"}],"about":[{"href":"https:\/\/www.benhausen.com\/index.php?rest_route=\/wp\/v2\/types\/page"}],"author":[{"embeddable":true,"href":"https:\/\/www.benhausen.com\/index.php?rest_route=\/wp\/v2\/users\/1"}],"replies":[{"embeddable":true,"href":"https:\/\/www.benhausen.com\/index.php?rest_route=%2Fwp%2Fv2%2Fcomments&post=118"}],"version-history":[{"count":3,"href":"https:\/\/www.benhausen.com\/index.php?rest_route=\/wp\/v2\/pages\/118\/revisions"}],"predecessor-version":[{"id":735,"href":"https:\/\/www.benhausen.com\/index.php?rest_route=\/wp\/v2\/pages\/118\/revisions\/735"}],"wp:attachment":[{"href":"https:\/\/www.benhausen.com\/index.php?rest_route=%2Fwp%2Fv2%2Fmedia&parent=118"}],"curies":[{"name":"wp","href":"https:\/\/api.w.org\/{rel}","templated":true}]}}