{"id":1174,"date":"2022-12-28T11:48:31","date_gmt":"2022-12-28T10:48:31","guid":{"rendered":"https:\/\/www.benhausen.com\/?page_id=1174"},"modified":"2022-12-28T11:51:21","modified_gmt":"2022-12-28T10:51:21","slug":"vereine-demo","status":"publish","type":"page","link":"https:\/\/www.benhausen.com\/?page_id=1174","title":{"rendered":"Vereinsleben"},"content":{"rendered":"\n<figure class=\"wp-block-table\"><table class=\"has-fixed-layout\"><tbody><tr><td class=\"has-text-align-center\" data-align=\"center\"><img loading=\"lazy\" decoding=\"async\" width=\"100\" height=\"132\" class=\"wp-image-251\" style=\"width: 100px;\" src=\"https:\/\/www.benhausen.com\/wp-content\/uploads\/schuetzenverein_wappen.jpg\" alt=\"\"><br><a href=\"http:\/\/www.schuetzenverein.benhausen.com\/\">Sch\u00fctzenverein<\/a><\/td><td class=\"has-text-align-center\" data-align=\"center\"><img loading=\"lazy\" decoding=\"async\" width=\"125\" height=\"104\" class=\"wp-image-74\" style=\"width: 125px;\" src=\"https:\/\/www.benhausen.com\/wp-content\/uploads\/2016\/11\/Wappen_SVBenhausen.png\" alt=\"\"><br><br><a href=\"https:\/\/www.sv-benhausen.de\/\">Sportverein<\/a><\/td><td class=\"has-text-align-center\" data-align=\"center\"><img loading=\"lazy\" decoding=\"async\" width=\"120\" height=\"120\" class=\"wp-image-988\" style=\"width: 120px;\" src=\"https:\/\/www.benhausen.com\/wp-content\/uploads\/Wappen_Musikverein_Benhausen_320x320.png\" alt=\"\" srcset=\"https:\/\/www.benhausen.com\/wp-content\/uploads\/Wappen_Musikverein_Benhausen_320x320.png 320w, https:\/\/www.benhausen.com\/wp-content\/uploads\/Wappen_Musikverein_Benhausen_320x320-300x300.png 300w, https:\/\/www.benhausen.com\/wp-content\/uploads\/Wappen_Musikverein_Benhausen_320x320-150x150.png 150w, https:\/\/www.benhausen.com\/wp-content\/uploads\/Wappen_Musikverein_Benhausen_320x320-83x83.png 83w, https:\/\/www.benhausen.com\/wp-content\/uploads\/Wappen_Musikverein_Benhausen_320x320-59x59.png 59w, https:\/\/www.benhausen.com\/wp-content\/uploads\/Wappen_Musikverein_Benhausen_320x320-60x60.png 60w\" sizes=\"auto, (max-width: 120px) 100vw, 120px\" \/><br><a href=\"https:\/\/musikverein-benhausen.de\/\">Musikverein<\/a><\/td><td class=\"has-text-align-center\" data-align=\"center\"><img loading=\"lazy\" decoding=\"async\" width=\"140\" height=\"117\" class=\"wp-image-73\" style=\"width: 140px;\" src=\"https:\/\/www.benhausen.com\/wp-content\/uploads\/2016\/11\/Wappen_Schiesssport.png\" alt=\"\"><br><a href=\"http:\/\/www.ssv-benhausen.de\/\">Schie\u00dfabteilung<\/a><\/td><\/tr><tr><td class=\"has-text-align-center\" data-align=\"center\"><img loading=\"lazy\" decoding=\"async\" width=\"150\" height=\"125\" class=\"wp-image-71\" style=\"width: 150px;\" src=\"https:\/\/www.benhausen.com\/wp-content\/uploads\/2016\/11\/Wappen_Feuerwehr.png\" alt=\"\"><br><a href=\"https:\/\/www.paderborn.de\/microsite\/feuerwehr\/ehrenamt\/loeschzuege\/Loeschzug-Benhausen.php\">L\u00f6schzug<\/a><\/td><td class=\"has-text-align-center\" data-align=\"center\"><img loading=\"lazy\" decoding=\"async\" width=\"170\" height=\"91\" class=\"wp-image-873\" style=\"width: 170px;\" src=\"https:\/\/www.benhausen.com\/wp-content\/uploads\/MFCBenhausen_Logo-Web.jpg\" alt=\"https:\/\/mfc-benhausen.de\/\" srcset=\"https:\/\/www.benhausen.com\/wp-content\/uploads\/MFCBenhausen_Logo-Web.jpg 370w, https:\/\/www.benhausen.com\/wp-content\/uploads\/MFCBenhausen_Logo-Web-300x161.jpg 300w, https:\/\/www.benhausen.com\/wp-content\/uploads\/MFCBenhausen_Logo-Web-150x80.jpg 150w\" sizes=\"auto, (max-width: 170px) 100vw, 170px\" \/><br><br><a href=\"https:\/\/mfc-benhausen.de\/mfc\/\">Modellflugclub<\/a><\/td><td class=\"has-text-align-center\" data-align=\"center\"><img loading=\"lazy\" decoding=\"async\" width=\"150\" height=\"30\" class=\"wp-image-294\" style=\"width: 150px;\" src=\"https:\/\/www.benhausen.com\/wp-content\/uploads\/acht.jpg\" alt=\"\"><br><br><br><br><a href=\"http:\/\/www.scheune-um-8.de\/\">Scheune um acht<\/a><\/td><td class=\"has-text-align-center\" data-align=\"center\"><\/td><\/tr><\/tbody><\/table><\/figure>\n","protected":false},"excerpt":{"rendered":"<p>Sch\u00fctzenverein Sportverein Musikverein Schie\u00dfabteilung L\u00f6schzug Modellflugclub Scheune um acht<\/p>\n","protected":false},"author":2,"featured_media":0,"parent":0,"menu_order":0,"comment_status":"closed","ping_status":"closed","template":"","meta":{"footnotes":""},"class_list":["post-1174","page","type-page","status-publish","hentry"],"_links":{"self":[{"href":"https:\/\/www.benhausen.com\/index.php?rest_route=\/wp\/v2\/pages\/1174","targetHints":{"allow":["GET"]}}],"collection":[{"href":"https:\/\/www.benhausen.com\/index.php?rest_route=\/wp\/v2\/pages"}],"about":[{"href":"https:\/\/www.benhausen.com\/index.php?rest_route=\/wp\/v2\/types\/page"}],"author":[{"embeddable":true,"href":"https:\/\/www.benhausen.com\/index.php?rest_route=\/wp\/v2\/users\/2"}],"replies":[{"embeddable":true,"href":"https:\/\/www.benhausen.com\/index.php?rest_route=%2Fwp%2Fv2%2Fcomments&post=1174"}],"version-history":[{"count":2,"href":"https:\/\/www.benhausen.com\/index.php?rest_route=\/wp\/v2\/pages\/1174\/revisions"}],"predecessor-version":[{"id":1177,"href":"https:\/\/www.benhausen.com\/index.php?rest_route=\/wp\/v2\/pages\/1174\/revisions\/1177"}],"wp:attachment":[{"href":"https:\/\/www.benhausen.com\/index.php?rest_route=%2Fwp%2Fv2%2Fmedia&parent=1174"}],"curies":[{"name":"wp","href":"https:\/\/api.w.org\/{rel}","templated":true}]}}