{"id":102,"date":"2016-11-22T17:39:24","date_gmt":"2016-11-22T16:39:24","guid":{"rendered":"http:\/\/www.ggwax.de\/bensen\/wp\/?page_id=102"},"modified":"2017-04-29T11:51:53","modified_gmt":"2017-04-29T09:51:53","slug":"geschichte","status":"publish","type":"page","link":"https:\/\/www.benhausen.com\/?page_id=102","title":{"rendered":"Geschichte"},"content":{"rendered":"<p>&nbsp;<\/p>\n<p>\u00d6stlich der Bischofsstadt Paderborn liegt im Anstieg auf dem Pl\u00e4nerkalken zur Paderborner Hochfl\u00e4che unser sch\u00f6nes Dorf Benhausen.<\/p>\n<p>Der geometrisch tiefste Punkt Benhausens ist der Kre\u00dfpohl (D\u00f6rener Holz), 125 \u00fcber NN, der H\u00f6chste der Hengkrug, 262,5 \u00fcber NN. Die Grundfl\u00e4che betr\u00e4gt 993 ha.<\/p>\n<p><strong><u>Name:<\/u><\/strong><\/p>\n<p>Im Laufe der Jahrhunderte \u00e4nderte sich der Ortsname im Sprachgebrauch mehrfach \u00fcber Bennanhuson, Bennenhosen zu dem heutigen Namen Benhausen, landl\u00e4ufig wiederum unter Bensen bekannt. Die Endsilbe \u2013hausen bezeichnet einen aus mehreren H\u00f6fen oder aus einem Haupthofe nebst abgezweigten H\u00f6fen bestehenden Wohnsitz.<\/p>\n<p>Der Name Benhausen bedeutet dann also \u2013<strong>Das Haus des Benno<\/strong>&#8211;<\/p>\n<p><strong><u>Alter:<\/u><\/strong><\/p>\n<p>Die Endsilbe \u2013hausen deutet auf ein \u00e4lteres Dorfalter hin, als uns bislang durch die Urkunde von 1283 bekannt ist. Die Endungen hausen\/-husen waren im 8. und 9. Jahrhundert bereits weit verbreitet. Aber erst die vorgenannte Urkunde vom 05. Juni 1283 belegt zweifelsfrei die Existenz des Ortes Benhausen, bzw. damals Bennenhosen.<\/p>\n<p>In dieser Urkunde verkaufte der Villikus Gottschalk (Villikus: Bewirtschafter eines Haupthofes und Nebenh\u00f6fen. Er trieb die Abgaben der h\u00f6rigen Bauern ein und f\u00fchrte sie an die Grundherren ab) sein Recht am Amte Beken f\u00fcr 120 Mark Silbers an den Paderborner Bischof Otto v. Rietberg. Bis zur Zahlung der Kaufsumme verpf\u00e4ndete dieser dem Villikus Gottschalk u. a. 3 Mansen (Fl\u00e4chenanteil an einer Gemeindeflur) Land in <strong>Bennenhusen<\/strong>, unserem heutigen Benhausen. Diese erste urkundliche Erw\u00e4hnung veranlasste die Gemeinde Benhausen im Jahr 1983 ihr 700j\u00e4hriges Bestehen zu feiern.<\/p>\n<p>Zwischenzeitlich ist jedoch eine weitere Urkunde im Westf\u00e4lischen Urkundenbuch aus dem Jahr 1271 gefunden worden, die das Alter Benhausens neu bestimmt.<\/p>\n<p>Neben dem Domkapitel, dem Busdorfstift und dem Gaukirchkloster, besa\u00dfen im Laufe der Jahrhunderte \u00fcberwiegend die Adeligen v. Stapel um 1300 und die Familie v. Westphalen 1500 \u2013 1900 Jh. die Gutsherrschaft in dem bis dahin eher landwirtschaftlich gepr\u00e4gten Benhausen.<\/p>\n<p><strong><u>Historie:<\/u><\/strong><\/p>\n<p><u><\/u>14.\/15. Jh. \u00a0 \u00a0 \u00a0 \u00a0 \u00a0 \u00a0 \u00a0 \u00a0 \u00a0 \u00a0 Landwehrbegr\u00fcndung \/Paderborner Landwehr<\/p>\n<p style=\"padding-left: 150px;\">Bensen ist mit einem Teil seiner Feldflur das noch heute einzige existierende Dorf,<\/p>\n<p style=\"padding-left: 150px;\">das binnen der Paderborner Landwehr lag.<\/p>\n<p style=\"padding-left: 150px;\">Auf Benser Gel\u00e4nde verlief die Au\u00dfenwehr vom Pannenberg (Pamelsche Warte)<\/p>\n<p style=\"padding-left: 150px;\">zum Musenberg (Musenturm)<\/p>\n<p style=\"padding-left: 150px;\">Nach dem drei\u00dfigj\u00e4hrigen Krieg (1618-1648) waren die Landwehren nicht mehr<\/p>\n<p style=\"padding-left: 150px;\">von milit\u00e4rischer Bedeutung.<\/p>\n<p>21.01.1601 \u00a0 \u00a0 \u00a0 \u00a0 \u00a0 \u00a0 \u00a0 \u00a0 \u00a0 \u00a0Einfall von ca. 800 berittenen holl\u00e4ndischen Freibeutern in Benhausen.<\/p>\n<p>1618-1648 \u00a0 \u00a0 \u00a0 \u00a0 \u00a0 \u00a0 \u00a0 \u00a0 \u00a0 \u00a030j\u00e4hriger Krieg in dem 1622 Herzog Christian von Braunschweig (der Tolle Christian) Paderborn<\/p>\n<p style=\"padding-left: 150px;\">und umliegende Orte erobert und pl\u00fcndert. Raub des Liborischreins.<\/p>\n<p>1701 \u00a0 \u00a0 \u00a0 \u00a0 \u00a0 \u00a0 \u00a0 \u00a0 \u00a0 \u00a0 \u00a0 \u00a0 \u00a0 \u00a0 \u00a0 Erste Erw\u00e4hnung eines Schulmeisters Hermann Kirchhoff in Benhausen.<\/p>\n<p>1756-1763 \u00a0 \u00a0 \u00a0 \u00a0 \u00a0 \u00a0 \u00a0 \u00a0 \u00a0 \u00a0 7 j\u00e4hriger Krieg \/ Benhausen diente als Lagerstandort der unterschiedlichen Kriegsparteien.<\/p>\n<p>1800 \u00a0 \u00a0 \u00a0 \u00a0 \u00a0 \u00a0 \u00a0 \u00a0 \u00a0 \u00a0 \u00a0 \u00a0 \u00a0 \u00a0 34 Schulkinder in Schulleuten Haus an der Eggestr., der Kirche gegen\u00fcber. 1869 Schulneubau<\/p>\n<p style=\"padding-left: 150px;\">an selber Stelle, 1959 Abriss und Neubau des Wohnhauses nebst\u00a0 Schreinerwerkstatt<\/p>\n<p style=\"padding-left: 150px;\">der Familie Driller,\u00a0 heute Nr. 83.<\/p>\n<p>1829 \u00a0 \u00a0 \u00a0 \u00a0 \u00a0 \u00a0 \u00a0 \u00a0 \u00a0 \u00a0 \u00a0 \u00a0 \u00a0 \u00a0 \u00a0Er\u00f6ffnung Gastwirtschaft Brand<\/p>\n<p>1830 \u00a0 \u00a0 \u00a0 \u00a0 \u00a0 \u00a0 \u00a0 \u00a0 \u00a0 \u00a0 \u00a0 \u00a0 \u00a0 \u00a0 \u00a0Er\u00f6ffnung Gastwirtschaft Hengkrug<\/p>\n<p>1836 \u00a0 \u00a0 \u00a0 \u00a0 \u00a0 \u00a0 \u00a0 \u00a0 \u00a0 \u00a0 \u00a0 \u00a0 \u00a0 \u00a0 \u00a0Gr\u00fcndung des Sch\u00fctzenverein Benhausen<\/p>\n<p>1837 \u00a0 \u00a0 \u00a0 \u00a0 \u00a0 \u00a0 \u00a0 \u00a0 \u00a0 \u00a0 \u00a0 \u00a0 \u00a0 \u00a0 \u00a0erster Kirchenbau in Benhausen am jetzigen Missionskreuzstandort<\/p>\n<p>1841 \u00a0 \u00a0 \u00a0 \u00a0 \u00a0 \u00a0 \u00a0 \u00a0 \u00a0 \u00a0 \u00a0 \u00a0 \u00a0 \u00a0 \u00a0Ausbau der sog. Kuhdrift, heute Eggestr. in Richtung Paderborn<\/p>\n<p>1851-1854 \u00a0 \u00a0 \u00a0 \u00a0 \u00a0 \u00a0 \u00a0 \u00a0 \u00a0 \u00a0 Eisenbahnbau \/ Benser Bahnbogen mehr als 800 Arbeiter waren im Einsatz<\/p>\n<p>1854 \u00a0 \u00a0 \u00a0 \u00a0 \u00a0 \u00a0 \u00a0 \u00a0 \u00a0 \u00a0 \u00a0 \u00a0 \u00a0 \u00a0 \u00a0Er\u00f6ffnung der Gastst\u00e4tte Henning<\/p>\n<p>1889 \u00a0 \u00a0 \u00a0 \u00a0 \u00a0 \u00a0 \u00a0 \u00a0 \u00a0 \u00a0 \u00a0 \u00a0 \u00a0 \u00a0 \u00a0Einweihung Friedhof \/ 1970 Friedhofskapelle<\/p>\n<p>1891 \u00a0 \u00a0 \u00a0 \u00a0 \u00a0 \u00a0 \u00a0 \u00a0 \u00a0 \u00a0 \u00a0 \u00a0 \u00a0 \u00a0 \u00a0Bau der Jungenschule am Stadtweg (ehem. Feuerwehr gegen\u00fcber)<\/p>\n<p style=\"padding-left: 150px;\">im Jahr 1900 ca. 130 Sch\u00fcler insgesamt<\/p>\n<p>1899 \u00a0 \u00a0 \u00a0 \u00a0 \u00a0 \u00a0 \u00a0 \u00a0 \u00a0 \u00a0 \u00a0 \u00a0 \u00a0 \u00a0 \u00a0erster Geistlicher in Benhausen, Vikar Conrad Ernesti<\/p>\n<p>1901 \u00a0 \u00a0 \u00a0 \u00a0 \u00a0 \u00a0 \u00a0 \u00a0 \u00a0 \u00a0 \u00a0 \u00a0 \u00a0 \u00a0 \u00a0erste Wasserleitung in Benhausen<\/p>\n<p>1962-1963 \u00a0 \u00a0 \u00a0 \u00a0 \u00a0 \u00a0 \u00a0 \u00a0 \u00a0 \u00a0neues Leitungsnetz<\/p>\n<p>08.06.1901 \u00a0 \u00a0 \u00a0 \u00a0 \u00a0 \u00a0 \u00a0 \u00a0 \u00a0 Er\u00f6ffnung Spar- u. Darlehnskasse, heute Volksbank<\/p>\n<p>1912 \u00a0 \u00a0 \u00a0 \u00a0 \u00a0 \u00a0 \u00a0 \u00a0 \u00a0 \u00a0 \u00a0 \u00a0 \u00a0 \u00a0 \u00a0 Er\u00f6ffnung B\u00e4ckerei D\u00fcsterhaus, heute Westermann<\/p>\n<p>1912 \u00a0 \u00a0 \u00a0 \u00a0 \u00a0 \u00a0 \u00a0 \u00a0 \u00a0 \u00a0 \u00a0 \u00a0 \u00a0 \u00a0 \u00a0 Benhausen erh\u00e4lt vom Paderborner Elektrizit\u00e4tswerk Strom<\/p>\n<p>1913 \u00a0 \u00a0 \u00a0 \u00a0 \u00a0 \u00a0 \u00a0 \u00a0 \u00a0 \u00a0 \u00a0 \u00a0 \u00a0 \u00a0 \u00a0 Gr\u00fcndung Kriegerverein, 1939 letztes Fest<\/p>\n<p>1914 \u00a0 \u00a0 \u00a0 \u00a0 \u00a0 \u00a0 \u00a0 \u00a0 \u00a0 \u00a0 \u00a0 \u00a0 \u00a0 \u00a0 \u00a0Gr\u00fcndung der Musikkapelle durch Pfarrvikar Josef Marx<\/p>\n<p>1921 \u00a0 \u00a0 \u00a0 \u00a0 \u00a0 \u00a0 \u00a0 \u00a0 \u00a0 \u00a0 \u00a0 \u00a0 \u00a0 \u00a0 \u00a0 Gr\u00fcndung des Sportvereins Benhausen<\/p>\n<p>1929 \u00a0 \u00a0 \u00a0 \u00a0 \u00a0 \u00a0 \u00a0 \u00a0 \u00a0 \u00a0 \u00a0 \u00a0 \u00a0 \u00a0 von der Pflichtfeuerwehr\u00a0 zur freiwilligen Feuerwehr Benhausen<\/p>\n<p>07.08.1932 \u00a0 \u00a0 \u00a0 \u00a0 \u00a0 \u00a0 \u00a0 \u00a0 \u00a0 Grundsteinlegung der neuen Kirche<\/p>\n<p>1949 \u00a0 \u00a0 \u00a0 \u00a0 \u00a0 \u00a0 \u00a0 \u00a0 \u00a0 \u00a0 \u00a0 \u00a0 \u00a0 \u00a0 \u00a0Abbruch der alten Kirche<\/p>\n<p>1950 \u00a0 \u00a0 \u00a0 \u00a0 \u00a0 \u00a0 \u00a0 \u00a0 \u00a0 \u00a0 \u00a0 \u00a0 \u00a0 \u00a0 \u00a0Schulneubau an heutiger Stelle, ehemals Kronen Hof<\/p>\n<p>1958\/59 \u00a0 \u00a0 \u00a0 \u00a0 \u00a0 \u00a0 \u00a0 \u00a0 \u00a0 \u00a0 \u00a0 \u00a0Beginn der Kanalisation und des Wegebaus in Bensen<\/p>\n<p>1968 \u00a0 \u00a0 \u00a0 \u00a0 \u00a0 \u00a0 \u00a0 \u00a0 \u00a0 \u00a0 \u00a0 \u00a0 \u00a0 \u00a0 \u00a0Er\u00f6ffnung der Kreissparkasse, heute Sparkasse<\/p>\n<p>1969\/70 \u00a0 \u00a0 \u00a0 \u00a0 \u00a0 \u00a0 \u00a0 \u00a0 \u00a0 \u00a0 \u00a0 \u00a0Beginn der Baut\u00e4tigkeit Sundlieth\/Am Gottebach<\/p>\n<p><span style=\"text-decoration: underline;\"><strong>Einwohnerstatistik:<\/strong><\/span><\/p>\n<p>1818 \u00a0 \u00a0 \u00a0 \u00a0 \u00a0 \u00a0 \u00a0 \u00a0 \u00a0 \u00a0 \u00a0 \u00a0 \u00a0 \u00a0 357 Einwohner<\/p>\n<p>1900 \u00a0 \u00a0 \u00a0 \u00a0 \u00a0 \u00a0 \u00a0 \u00a0 \u00a0 \u00a0 \u00a0 \u00a0 \u00a0 \u00a0 \u00a0in diesem Jahr fand eine Volks-, Vieh- u. Obstbaumz\u00e4hlung statt<\/p>\n<p style=\"padding-left: 150px;\">628 Einwohner, davon 316 weiblich \/ 312 m\u00e4nnlich<\/p>\n<p style=\"padding-left: 150px;\">Vieh: 126 Pferde, 390 St. Rindvieh, 341 Schafe, 133 Ziegen,<\/p>\n<p style=\"padding-left: 150px;\">660 Schweine, 1660 St. H\u00fchner, Enten u. G\u00e4nse, 147 Bienst\u00f6cke,<\/p>\n<p style=\"padding-left: 150px;\">5904 Obstb\u00e4ume<\/p>\n<p>1930 \u00a0 \u00a0 \u00a0 \u00a0 \u00a0 \u00a0 \u00a0 \u00a0 \u00a0 \u00a0 \u00a0 \u00a0 \u00a0 \u00a0 751 Einwohner<\/p>\n<p>1946 \u00a0 \u00a0 \u00a0 \u00a0 \u00a0 \u00a0 \u00a0 \u00a0 \u00a0 \u00a0 \u00a0 \u00a0 \u00a0 \u00a0 1060 Einwohner (viele Fl\u00fcchtlinge)<\/p>\n<p>1961 \u00a0 \u00a0 \u00a0 \u00a0 \u00a0 \u00a0 \u00a0 \u00a0 \u00a0 \u00a0 \u00a0 \u00a0 \u00a0 \u00a0 905\u00a0\u00a0 Einwohner<\/p>\n<p>1983 \u00a0 \u00a0 \u00a0 \u00a0 \u00a0 \u00a0 \u00a0 \u00a0 \u00a0 \u00a0 \u00a0 \u00a0 \u00a0 \u00a0 1700 Einwohner<\/p>\n<p>2008\u00a0\u00a0\u00a0\u00a0\u00a0\u00a0\u00a0\u00a0\u00a0\u00a0\u00a0\u00a0\u00a0\u00a0\u00a0\u00a0\u00a0\u00a0\u00a0\u00a0\u00a0\u00a0\u00a0\u00a0\u00a0\u00a0\u00a0 2440 Einwohner<\/p>\n<p>2016 \u00a0 \u00a0 \u00a0 \u00a0 \u00a0 \u00a0 \u00a0 \u00a0 \u00a0 \u00a0 \u00a0 \u00a0 \u00a0 \u00a0 2480 Einwohner<\/p>\n<p>2017 \u00a0 \u00a0 \u00a0 \u00a0 \u00a0 \u00a0 \u00a0 \u00a0 \u00a0 \u00a0 \u00a0 \u00a0 \u00a0 \u00a02511 Einwohner<\/p>\n<p>&nbsp;<\/p>\n<p>Dokumente, Bilder und Literatur zur Geschichte von Benhausen finden Sie im Stadtarchiv Paderborn.<\/p>\n<p>(Text: Ulrich Petermeier)<\/p>\n","protected":false},"excerpt":{"rendered":"<p>&nbsp; \u00d6stlich der Bischofsstadt Paderborn liegt im Anstieg auf dem Pl\u00e4nerkalken zur Paderborner Hochfl\u00e4che unser sch\u00f6nes Dorf Benhausen. Der geometrisch tiefste Punkt Benhausens ist der Kre\u00dfpohl (D\u00f6rener Holz), 125 \u00fcber NN, der H\u00f6chste der Hengkrug, 262,5 \u00fcber NN. Die Grundfl\u00e4che betr\u00e4gt 993 ha. Name: Im Laufe der Jahrhunderte \u00e4nderte sich &hellip; <\/p>\n","protected":false},"author":1,"featured_media":0,"parent":0,"menu_order":0,"comment_status":"closed","ping_status":"closed","template":"","meta":{"footnotes":""},"class_list":["post-102","page","type-page","status-publish","hentry"],"_links":{"self":[{"href":"https:\/\/www.benhausen.com\/index.php?rest_route=\/wp\/v2\/pages\/102","targetHints":{"allow":["GET"]}}],"collection":[{"href":"https:\/\/www.benhausen.com\/index.php?rest_route=\/wp\/v2\/pages"}],"about":[{"href":"https:\/\/www.benhausen.com\/index.php?rest_route=\/wp\/v2\/types\/page"}],"author":[{"embeddable":true,"href":"https:\/\/www.benhausen.com\/index.php?rest_route=\/wp\/v2\/users\/1"}],"replies":[{"embeddable":true,"href":"https:\/\/www.benhausen.com\/index.php?rest_route=%2Fwp%2Fv2%2Fcomments&post=102"}],"version-history":[{"count":27,"href":"https:\/\/www.benhausen.com\/index.php?rest_route=\/wp\/v2\/pages\/102\/revisions"}],"predecessor-version":[{"id":324,"href":"https:\/\/www.benhausen.com\/index.php?rest_route=\/wp\/v2\/pages\/102\/revisions\/324"}],"wp:attachment":[{"href":"https:\/\/www.benhausen.com\/index.php?rest_route=%2Fwp%2Fv2%2Fmedia&parent=102"}],"curies":[{"name":"wp","href":"https:\/\/api.w.org\/{rel}","templated":true}]}}